{"id":294,"date":"2024-06-29T11:58:43","date_gmt":"2024-06-29T09:58:43","guid":{"rendered":"https:\/\/oleo-tarot.de\/?page_id=294"},"modified":"2024-06-29T12:05:36","modified_gmt":"2024-06-29T10:05:36","slug":"raindrop-technique-anwendung","status":"publish","type":"page","link":"https:\/\/oleo-tarot.de\/index.php\/home\/mein-angebot\/wellnessbehandlungen\/raindrop-technique-anwendung\/","title":{"rendered":"Raindrop-Technique\u00ae-Anwendung"},"content":{"rendered":"\n<p style=\"font-size:clamp(14px, 0.875rem + ((1vw - 3.2px) * 0.682), 20px);\">Die Raindrop&nbsp;Technique\u00ae ist eine wunderbare M\u00f6glichkeit, die YLTG (Young Living Therapeutic Grade) \u00e4therischen \u00d6le von Young Living kennenzulernen. In den 80er Jahren entwickelte&nbsp;<strong>D. Gary Young<\/strong>&nbsp;gemeinsam&nbsp;<strong>mit dem Lakota Medizinmann Wallace Black Elk<\/strong>&nbsp;diese Art der Aromaanwendung, in welcher sich zwei Welten vereinen.<\/p>\n\n\n\n<p style=\"font-size:clamp(14px, 0.875rem + ((1vw - 3.2px) * 0.682), 20px);\">Zum einen ist es das enorme Wissen und die langj\u00e4hrige Erfahrung von D. Gary Young, wenn es um \u00e4therischen \u00d6le geht, hergestellt durch allerh\u00f6chste Destillationskunst aus den erlesensten Pflanzen der Natur, und zum anderen ist es die Welt der Lakota Indianer. Diese tiefgehende Anwendung wirkt sich sowohl auf der k\u00f6rperlichen als auch auf der emotionalen Ebene sp\u00fcrbar aus.<\/p>\n\n\n\n<p style=\"font-size:clamp(14px, 0.875rem + ((1vw - 3.2px) * 0.682), 20px);\">Durch das Auftropfen \u00e4therischer \u00d6le auf F\u00fc\u00dfe und R\u00fccken, k\u00f6nnen unter Anwendung energetischer Griffe, Prozesse im K\u00f6rper ausgel\u00f6st werden, die mehrere Tage oder sogar Wochen andauern, w\u00e4hrend die Verweilzeit der \u00e4therischen \u00d6le im K\u00f6rper nur wenige Stunden betr\u00e4gt.<\/p>\n\n\n\n<p style=\"font-size:clamp(14px, 0.875rem + ((1vw - 3.2px) * 0.682), 20px);\">Der R\u00fccken kann sich dadurch entspannter anf\u00fchlen, Blockaden k\u00f6nnen in den Hintergrund treten oder sich sogar ganz aufl\u00f6sen.<\/p>\n\n\n\n<p style=\"font-size:clamp(14px, 0.875rem + ((1vw - 3.2px) * 0.682), 20px);\">Ein erw\u00fcnschter Effekt, der beinahe gleichzeitig auftritt, wird durch das Einatmen der \u00e4therischen \u00d6le w\u00e4hrend der Anwendung erzielt. Die D\u00fcfte gelangen direkt ins limbische System, erreichen die innersten Schaltzentralen unseres Gehirns und k\u00f6nnen augenblicklich Emotionen ausl\u00f6sen.<\/p>\n\n\n\n<p style=\"font-size:clamp(14px, 0.875rem + ((1vw - 3.2px) * 0.682), 20px);\">Dadurch k\u00f6nnen sich alte emotionale Blockaden zeigen und bewusst erlebt werden. Die ausgew\u00e4hlten \u00e4therischen \u00d6le wirken entspannend und k\u00f6nnen Gef\u00fchle wie Sicherheit und Unbeschwertheit vermitteln.<\/p>\n\n\n\n<p style=\"font-size:clamp(16.293px, 1.018rem + ((1vw - 3.2px) * 0.989), 25px);\">Dauer ca. 60-75 Minuten<\/p>\n\n\n\n<p style=\"font-size:clamp(16.293px, 1.018rem + ((1vw - 3.2px) * 0.989), 25px);\">Energieausgleich: 90 \u20ac (incl. 20km An- und Abfahrt)<\/p>\n\n\n\n<p class=\"has-text-align-center\"><strong><a href=\"https:\/\/oleo-tarot.de\/index.php\/home\/mein-angebot\/wellnessbehandlungen\/wunschtermin-wellnessbehandlung\/\" data-type=\"page\" data-id=\"266\">Hier kannst Du deinen Wunschtermin buchen:<\/a><\/strong><\/p>\n\n\n\n<p class=\"has-text-align-center\"><a href=\"https:\/\/oleo-tarot.de\/index.php\/home\/mein-angebot\/wellnessbehandlungen\/\" data-type=\"page\" data-id=\"224\">zur\u00fcck<\/a><\/p>\n","protected":false},"excerpt":{"rendered":"<p>Die Raindrop&nbsp;Technique\u00ae ist eine wunderbare M\u00f6glichkeit, die YLTG (Young Living Therapeutic Grade) \u00e4therischen \u00d6le von Young Living kennenzulernen. In den 80er Jahren entwickelte&nbsp;D. Gary Young&nbsp;gemeinsam&nbsp;mit dem Lakota Medizinmann Wallace Black Elk&nbsp;diese Art der Aromaanwendung, in welcher sich zwei Welten vereinen. Zum einen ist es das enorme Wissen und die langj\u00e4hrige Erfahrung von D. Gary Young, [&hellip;]<\/p>\n","protected":false},"author":1,"featured_media":0,"parent":224,"menu_order":30,"comment_status":"closed","ping_status":"closed","template":"","meta":{"jetpack_post_was_ever_published":false,"footnotes":""},"class_list":["post-294","page","type-page","status-publish","hentry"],"jetpack-related-posts":[{"id":287,"url":"https:\/\/oleo-tarot.de\/index.php\/home\/mein-angebot\/wellnessbehandlungen\/nat-neuro-auricular-technique\/","url_meta":{"origin":294,"position":0},"title":"NAT &#8211; Neuro-Auricular-Technique\u00ae","author":"St. Lamsfuss","date":"29. Juni 2024","format":false,"excerpt":"Von Gary Young urspr\u00fcnglich zur Behandlung der Akkupressurpunkte am Ohr entwickelt (daher der etwas komplizierte Name: Neuro \u2013 Nerven, auricular- am Ohr), wird die Neuro-Auricular-Technique\u00ae (NAT) heutzutage im Nacken und am oberen Wirbels\u00e4ulenbereich durchgef\u00fchrt. Dabei werden nacheinander sechs verschiedene, auf einander abgestimmte \u00e4therische \u00d6le rund um die Wirbel eingearbeitet. In\u2026","rel":"","context":"\u00c4hnlicher Beitrag","block_context":{"text":"\u00c4hnlicher Beitrag","link":""},"img":{"alt_text":"","src":"","width":0,"height":0},"classes":[]},{"id":7,"url":"https:\/\/oleo-tarot.de\/","url_meta":{"origin":294,"position":1},"title":"Home","author":"St. Lamsfuss","date":"10. Oktober 2023","format":false,"excerpt":"Willkommen bei oleo-Tarot.de - deiner Quelle f\u00fcr Tarot und \u00e4therische \u00d6le! Tarotkarten und \u00e4therische \u00d6le sind zwei faszinierende Welten, die auf den ersten Blick vielleicht nicht viel gemeinsam haben. Doch bei genauerer Betrachtung entdeckt man, dass sie sich wunderbar erg\u00e4nzen und eine tiefe Verbindung eingehen k\u00f6nnen. Das Tarot ist ein\u2026","rel":"","context":"\u00c4hnlicher Beitrag","block_context":{"text":"\u00c4hnlicher Beitrag","link":""},"img":{"alt_text":"","src":"","width":0,"height":0},"classes":[]},{"id":224,"url":"https:\/\/oleo-tarot.de\/index.php\/home\/mein-angebot\/wellnessbehandlungen\/","url_meta":{"origin":294,"position":2},"title":"Wellnessbehandlungen","author":"St. Lamsfuss","date":"25. M\u00e4rz 2024","format":false,"excerpt":"Ich biete folgende Wellnessanwendungen an: . NAT - Neuro-Auricular-Technique\u00ae . Release-Technique\u00ae-Anwendung . Raindrop-Technique\u00ae-Anwendung .","rel":"","context":"\u00c4hnlicher Beitrag","block_context":{"text":"\u00c4hnlicher Beitrag","link":""},"img":{"alt_text":"","src":"","width":0,"height":0},"classes":[]},{"id":290,"url":"https:\/\/oleo-tarot.de\/index.php\/home\/mein-angebot\/wellnessbehandlungen\/release-technique-anwendung\/","url_meta":{"origin":294,"position":3},"title":"Release-Technique\u00ae-Anwendung","author":"St. Lamsfuss","date":"29. Juni 2024","format":false,"excerpt":"Die Entspannungsanwendung f\u00fcr mehr Leichtigkeit und Flexibilit\u00e4t. Diese Wellnessmassage ist sowohl f\u00fcr sehr feinf\u00fchlige, zarte Menschen als auch f\u00fcr sehr beanspruchte gestresste Menschen besonders wirkungsvoll. Sie erm\u00f6glicht mentales, k\u00f6rperliches und emotionales Loslassen und f\u00f6rdert unsere Feinheit, Durchl\u00e4ssigkeit, Bewusstheit und Leichtigkeit. Die Gelenke und Muskeln, die wir sonst festhalten werden befreit\u2026","rel":"","context":"\u00c4hnlicher Beitrag","block_context":{"text":"\u00c4hnlicher Beitrag","link":""},"img":{"alt_text":"","src":"","width":0,"height":0},"classes":[]},{"id":308,"url":"https:\/\/oleo-tarot.de\/index.php\/home\/mein-angebot\/tarot-beratung\/oleo-tarot-beratung\/","url_meta":{"origin":294,"position":4},"title":"oleo-tarot-Beratung","author":"St. Lamsfuss","date":"29. Juni 2024","format":false,"excerpt":"Ich kann dich gerne mit den Tarot-Karten bei deiner Entscheidungsfindung unterst\u00fctzen. Grunds\u00e4tzliches: Du solltest Dir deine Frage, die Du an die Karten stellen m\u00f6chtest aufschreiben (wichtig!). Im n\u00e4chsten Schritt werden wir uns treffen, ob online, oder offline ist deine Entscheidung. Du darfst Dich jetzt entscheiden, ob Du ausschlie\u00dflich deine Frage\u2026","rel":"","context":"\u00c4hnlicher Beitrag","block_context":{"text":"\u00c4hnlicher Beitrag","link":""},"img":{"alt_text":"","src":"","width":0,"height":0},"classes":[]},{"id":306,"url":"https:\/\/oleo-tarot.de\/index.php\/home\/mein-angebot\/tarot-beratung\/tarot-beratung\/","url_meta":{"origin":294,"position":5},"title":"Tarot-Beratung","author":"St. Lamsfuss","date":"29. Juni 2024","format":false,"excerpt":"Ich kann dich gerne mit den Tarot-Karten bei deiner Entscheidungsfindung unterst\u00fctzen. Grunds\u00e4tzliches: Du solltest Dir deine Frage, die Du an die Karten stellen m\u00f6chtest aufschreiben (wichtig!). Im n\u00e4chsten Schritt werden wir uns treffen, ob online, oder offline ist deine Entscheidung. Du darfst Dich jetzt entscheiden, ob Du ausschlie\u00dflich deine Frage\u2026","rel":"","context":"\u00c4hnlicher Beitrag","block_context":{"text":"\u00c4hnlicher Beitrag","link":""},"img":{"alt_text":"","src":"","width":0,"height":0},"classes":[]}],"jetpack_sharing_enabled":true,"jetpack_likes_enabled":true,"_links":{"self":[{"href":"https:\/\/oleo-tarot.de\/index.php\/wp-json\/wp\/v2\/pages\/294","targetHints":{"allow":["GET"]}}],"collection":[{"href":"https:\/\/oleo-tarot.de\/index.php\/wp-json\/wp\/v2\/pages"}],"about":[{"href":"https:\/\/oleo-tarot.de\/index.php\/wp-json\/wp\/v2\/types\/page"}],"author":[{"embeddable":true,"href":"https:\/\/oleo-tarot.de\/index.php\/wp-json\/wp\/v2\/users\/1"}],"replies":[{"embeddable":true,"href":"https:\/\/oleo-tarot.de\/index.php\/wp-json\/wp\/v2\/comments?post=294"}],"version-history":[{"count":2,"href":"https:\/\/oleo-tarot.de\/index.php\/wp-json\/wp\/v2\/pages\/294\/revisions"}],"predecessor-version":[{"id":301,"href":"https:\/\/oleo-tarot.de\/index.php\/wp-json\/wp\/v2\/pages\/294\/revisions\/301"}],"up":[{"embeddable":true,"href":"https:\/\/oleo-tarot.de\/index.php\/wp-json\/wp\/v2\/pages\/224"}],"wp:attachment":[{"href":"https:\/\/oleo-tarot.de\/index.php\/wp-json\/wp\/v2\/media?parent=294"}],"curies":[{"name":"wp","href":"https:\/\/api.w.org\/{rel}","templated":true}]}}